{"id":1194,"date":"2023-10-18T09:52:51","date_gmt":"2023-10-18T07:52:51","guid":{"rendered":"https:\/\/musar.gal\/aviso-legal\/"},"modified":"2023-10-24T12:56:50","modified_gmt":"2023-10-24T10:56:50","slug":"aviso-legal","status":"publish","type":"page","link":"https:\/\/musar.gal\/gl\/aviso-legal\/","title":{"rendered":"Aviso Legal"},"content":{"rendered":"<section class=\"wpb-content-wrapper\"><p>[vc_row css=&#8221;.vc_custom_1698059293023{padding-top: 80px !important;padding-bottom: 80px !important;}&#8221;][vc_column][vc_column_text]<b>1. DATOS IDENTIFICATIVOS:<\/b><\/p>\n<p>En cumprimento do deber de informaci\u00f3n recollido no artigo 10 da Lei 34\/2002, do 11 de xullo, de Servizos da Sociedade da Informaci\u00f3n e do Comercio electr\u00f3nico, a continuaci\u00f3n refl\u00edctense os seguintes datos: a empresa titular de www.musar.gal \u00e9 FUNDACI\u00d3N CATEDRAL DE SANTIAGO, con CIF G-70.178.603 e domicilio para estes efectos en R\u00faa do Vilar, n\u00ba 1, 15701, Santiago de Compostela (A Coru\u00f1a), con correo electr\u00f3nico de contacto: prensa@catedraldesantiago.es<\/p>\n<p><b>2. USUARIOS:<\/b><\/p>\n<p>O acceso e\/o uso deste portal de FUNDACI\u00d3N CATEDRAL DE SANTIAGO atrib\u00fae a condici\u00f3n de USUARIO, que acepta, desde o devandito acceso e\/o uso, as Condici\u00f3ns Xerais de uso aqu\u00ed reflectidas. As citadas condici\u00f3ns ser\u00e1n de aplicaci\u00f3n independentemente das Condici\u00f3ns Xerais de Contrataci\u00f3n que no seu caso resulten de obrigado cumprimento.<\/p>\n<p><b>3. USO DO PORTAL:<\/b><\/p>\n<p>www.musar.gal proporciona o acceso a multitude de informaci\u00f3ns, servizos, programas ou datos (en diante, \u201cos contidos\u201d) na internet pertencentes a FUNDACI\u00d3N CATEDRAL DE SANTIAGO aos que o USUARIO poida ter acceso. O USUARIO asume a responsabilidade de uso do portal. Dita responsabilidade est\u00e9ndese ao rexistro que fose necesario para acceder a determinados servizos ou contidos. No devandito rexistro o USUARIO ser\u00e1 responsable de achegar informaci\u00f3n veraz e l\u00edcita. Como consecuencia deste rexistro, ao USUARIO p\u00f3deselle proporcionar un contrasinal da que ser\u00e1 responsable, compromet\u00e9ndose a facer un uso dilixente e confidencial da mesma. O USUARIO comprom\u00e9tese a facer un uso adecuado dos contidos e servizos que FUNDACI\u00d3N CATEDRAL DE SANTIAGO ofrece a trav\u00e9s da s\u00faa p\u00e1xina Web, compromet\u00e9ndose a non utilizalos para actividades que poidan ser il\u00edcitas, contrarias \u00e1 orde p\u00fablica, \u00e1 defensa nacional ou \u00e1 sa\u00fade p\u00fablica. En todo caso, FUNDACI\u00d3N CATEDRAL DE SANTIAGO res\u00e9rvase o dereito de modificar unilateralmente, en calquera momento e sen necesidade de aviso previo\/previo aviso, a estrutura e dese\u00f1o do sitio web: modificar ou eliminar servizos ou contidos as\u00ed como as condici\u00f3ns de acceso e\/o uso do sitio web. Do mesmo xeito FUNDACI\u00d3N CATEDRAL DE SANTIAGO res\u00e9rvase o dereito para modificar en calquera momento as presentes condici\u00f3ns de uso, as\u00ed como calquera outras condici\u00f3ns particulares contidas no sitio web www.musar.gal<\/p>\n<p><b>4. PROTECCI\u00d3N DE DATOS DE CAR\u00c1CTER PERSOAL<\/b><\/p>\n<p>En cumprimento do establecido no Regulamento Xeral (UE) 2016\/679 de Protecci\u00f3n de Datos, comunicamos ao usuario que os datos persoais que nos facilite de forma voluntaria , por calquera dos nosos medios de recollida de informaci\u00f3n, van ser incorporados \u00e1s Actividades de Tratamento automatizados de datos de car\u00e1cter persoal titularidade de FUNDACI\u00d3N CATEDRAL DE SANTIAGO, co fin de poderlle prestar os nosos servizos, as\u00ed como para manterlle informado sobre cuesti\u00f3ns relativas \u00e1 actividade da empresa e os seus servizos. Os campos marcados con \u201c*\u201d son de car\u00e1cter obrigatorio, polo que o non enchemento dos devanditos campos impedir\u00e1 ao USUARIO gozar dalg\u00fans dos Servizos e informaci\u00f3ns ofrecidas na Web. Os datos contidos neles ser\u00e1n tratados de forma confidencial. FUNDACI\u00d3N CATEDRAL DE SANTIAGO cumpre integramente coa lexislaci\u00f3n vixente en materia de protecci\u00f3n de datos de car\u00e1cter persoal, e cos compromisos de confidencialidade propios da s\u00faa actividade. FUNDACI\u00d3N CATEDRAL DE SANTIAGO adoptou as medidas t\u00e9cnicas necesarias para manter o nivel de seguridade requirido, segundo a natureza dos datos persoais tratados e as circunstancias do tratamento, co obxecto de evitar, na medida do posible e sempre segundo o estado da t\u00e9cnica, a s\u00faa alteraci\u00f3n, perda, tratamento ou acceso non autorizado. Para a realizaci\u00f3n da xesti\u00f3n antes mencionada pode ser necesario que se cedan os datos a encargados do tratamento, empresas colaboradoras e administraci\u00f3ns p\u00fablicas (as cales poden verificar a veracidade dos datos). No caso de que o USUARIO facilite datos de car\u00e1cter persoal, referentes a persoas f\u00edsicas distintas a si mesmo, o USUARIO deber\u00e1, con car\u00e1cter previo \u00e1 inclusi\u00f3n, informarlles do contido da presente clausula, #de acordo con o establecido no Regulamento Xeral (UE) 2016\/679 de Protecci\u00f3n de Datos. FUNDACI\u00d3N CATEDRAL DE SANTIAGO como responsable da Actividade de Tratamento, garante o exercicio dos dereitos de acceso, rectificaci\u00f3n, supresi\u00f3n, limitaci\u00f3n, oposici\u00f3n e portabilidad dos datos achegados, segundo o disposto no Regulamento Xeral (UE) 2016\/679 de Protecci\u00f3n de Datos, o USUARIO poder\u00e1 exercer en todo momento os dereitos, dirixindo un escrito ao domicilio social, achegando copia do DNI ou Pasaporte. FUNDACI\u00d3N CATEDRAL DE SANTIAGO garante que todas as comunicaci\u00f3ns comerciais que dirixe aos seus clientes cumpren a normativa vixente. Por iso, en cumprimento da Lei 34\/2002 de Servizos da Sociedade da Informaci\u00f3n e de Comercio Electr\u00f3nico e a Lei 9\/2014 Xeneral de Telecomunicaci\u00f3ns, inf\u00f3rmase o USUARIO que FUNDACI\u00d3N CATEDRAL DE SANTIAGO poder\u00e1 enviarlle por medios electr\u00f3nicos informaci\u00f3n acerca de produtos e servizos de interese ao que Vde. presta o seu consentimento En calquera momento poder\u00e1 revogar esta autorizaci\u00f3n na direcci\u00f3n prensa@catedraldesantiago.es<\/p>\n<p><b>5. USO DE COOKIES:<\/b><\/p>\n<p>Adv\u00edrtese ao USUARIO que este sitio web utiliza cookies. As cookies son pequenos arquivos de texto que se instalan no navegador do computador do USUARIO para rexistrar a s\u00faa actividade, enviando unha identificaci\u00f3n an\u00f3nima que se almacena no mesmo, coa finalidade de que a navegaci\u00f3n sexa m\u00e1is sinxela, permitindo por exemplo, o acceso aos USUARIOS que se rexistraron previamente e o acceso \u00e1s \u00e1reas, servizos, promoci\u00f3ns ou concursos reservados exclusivamente a eles sen ter que rexistrarse en cada visita. P\u00f3dense utilizar tam\u00e9n para medir a audiencia, par\u00e1metros do tr\u00e1fico e navegaci\u00f3n, tempo de sesi\u00f3n, e\/o controlar o progreso e n\u00famero de entradas. FUNDACI\u00d3N CATEDRAL DE SANTIAGO procurar\u00e1 en todo momento establecer mecanismos adecuados para obter o consentimento do USUARIO para a instalaci\u00f3n de cookies que o requiran. Non obstante o anterior, deber\u00e1 terse en conta que de conformidade coa lei, entenderase que (i) o USUARIO deu o seu consentimento se modifica a configuraci\u00f3n do navegador deshabilitando as restrici\u00f3ns que impiden a entrada de cookies e (ii) que o referido consentimento non ser\u00e1 preciso para a instalaci\u00f3n daquelas cookies que sexan estritamente necesarias para a prestaci\u00f3n dun servizo expresamente solicitado polo USUARIO (mediante rexistro previo). Pode ocorrer que algunhas cookies utilizadas neste sitio web non estean relacionadas con FUNDACI\u00d3N CATEDRAL DE SANTIAGO. Iso d\u00e9bese a que algunhas p\u00e1xinas do sitio web te\u00f1en inserido contido procedente de webs de terceiras partes (por exemplo un v\u00eddeo de Youtube). Debido a que o referido contido procede doutra web, FUNDACI\u00d3N CATEDRAL DE SANTIAGO non controla a configuraci\u00f3n de @dicha cookies. Se vostede quere cambiar as s\u00faas preferencias de configuraci\u00f3n de cookies, deber\u00e1 consultar os sitios web de @dicha terceiras partes para obter informaci\u00f3n.<\/p>\n<p><b>6. PROPIEDADE INTELECTUAL E INDUSTRIAL:<\/b><\/p>\n<p>FUNDACI\u00d3N CATEDRAL DE SANTIAGO por si ou como cesionaria, \u00e9 titular de todos os dereitos de propiedade intelectual e industrial da s\u00faa p\u00e1xina Web, as\u00ed como dos elementos contidos na mesma (a t\u00edtulo enunciativo, imaxes, son, audio, v\u00eddeo, software ou textos; marcas ou logotipos, combinaci\u00f3ns de cores, estrutura e dese\u00f1o&#8230;), quedando expresamente prohibidas a s\u00faa reproduci\u00f3n, distribuci\u00f3n e comunicaci\u00f3n p\u00fablica, inclu\u00edda a modalidade de posta ao dispor da totalidade ou parte dos contidos desta p\u00e1xina Web, en calquera soporte e por calquera medio t\u00e9cnico, sen a autorizaci\u00f3n de FUNDACI\u00d3N CATEDRAL DE SANTIAGO O USUARIO comprom\u00e9tese a respectar os dereitos de Propiedade intelectual e Industrial titularidade de FUNDACI\u00d3N CATEDRAL DE SANTIAGO. O USUARIO deber\u00e1 absterse de suprimir, alterar, eludir ou manipular calquera dispositivo de protecci\u00f3n ou sistema de seguridade que estivese instalado na p\u00e1xina Web.<\/p>\n<p><b>7. EXCLUSI\u00d3N DE GARANT\u00cdAS E RESPONSABILIDADE:<\/b><\/p>\n<p>FUNDACI\u00d3N CATEDRAL DE SANTIAGO non se fai responsable, en ning\u00fan caso, dos danos e prexu\u00edzos de calquera natureza que puidesen ocasionar, a t\u00edtulo enunciativo: erros ou omisi\u00f3ns nos contidos, falta de dispo\u00f1ibilidade do sitio web ou a trasmisi\u00f3n de virus ou programas maliciosos ou lesivos nos contidos, a pesar de adoptar todas as medidas tecnol\u00f3xicas necesarias para evitalo. Deficiencias do servizo, das redes de comunicaci\u00f3n, dos problemas resultantes do mal funcionamento ou uso de versi\u00f3ns non optimizadas de calquera navegador, posibles erros de seguridade que se poden producir nin dos posibles danos que se poidan causar no sistema inform\u00e1tico do USUARIO, aos ficheiros ou documentos almacenados no mesmo, como consecuencia da presenza de virus no computador do USUARIO utilizado para a conexi\u00f3n aos servizos e contidos do sitio web, avar\u00edas telef\u00f3nicas, interferencias, omisi\u00f3ns ou desconexi\u00f3ns no funcionamento operativo do sistema electr\u00f3nico motivados por causas alleas a FUNDACI\u00d3N CATEDRAL DE SANTIAGO; do co\u00f1ecemento que poidan ter terceiros non autorizados da clase, condici\u00f3ns, caracter\u00edsticas e circunstancias de acceso e uso que os USUARIOS fan do sitio web e das informaci\u00f3ns e servizos. Do uso il\u00edcito, neglixente, fraudulento, contrario \u00e1s presentes Condici\u00f3ns Xerais, \u00e1 boa fe, aos usos xerais aceptados ou \u00e1 orde p\u00fablica, do sitio web, os seus servizos ou contidos, por parte dos USUARIOS<\/p>\n<p><b>8. MODIFICACI\u00d3NS:<\/b><\/p>\n<p>FUNDACI\u00d3N CATEDRAL DE SANTIAGO res\u00e9rvase o dereito para efectuar sen aviso previo\/previo aviso as modificaci\u00f3ns que considere oportunas na p\u00e1xina web, podendo cambiar, suprimir ou engadir tanto contidos e servizos que se presten a trav\u00e9s da mesma como a forma na que estes aparezan presentados ou localizados no seu portal.<\/p>\n<p><b>9. LIGAZ\u00d3NS:<\/b><\/p>\n<p>No caso de que en www.catedraldesantiago.es dispux\u00e9sense ligaz\u00f3ns ou hiperv\u00ednculos cara a outros sitios da internet, FUNDACI\u00d3N CATEDRAL DE SANTIAGO non exercer\u00e1 ning\u00fan tipo de control sobre os devanditos sitios e contido. Baixo ningunha circunstancia, FUNDACI\u00d3N CATEDRAL DE SANTIAGO asumir\u00e1 responsabilidade algunha polos contidos dalgunha ligaz\u00f3n pertencente a un sitio web alleo, nin garantir\u00e1 a dispo\u00f1ibilidade t\u00e9cnica, calidade fiabilidade, exactitude, amplitude, veracidade, validez e constitucionalidade de calquera material ou informaci\u00f3n contida en ning\u00fan de devanditos hiperv\u00ednculos ou outros sitios da internet. Igualmente a inclusi\u00f3n destas conexi\u00f3ns externas non implicar\u00e1 ning\u00fan tipo de asociaci\u00f3n, fusi\u00f3n ou participaci\u00f3n coas entidades conectadas.<\/p>\n<p><b>10. DEREITO DE EXCLUSI\u00d3N: <\/b><\/p>\n<p>FUNDACI\u00d3N CATEDRAL DE SANTIAGO res\u00e9rvase o dereito de bloquear o acceso dun USUARIO #ante calquera indicio de utilizaci\u00f3n fraudulenta dos servizos ofrecidos sen necesidade de aviso previo\/previo aviso, a instancia propia ou dun terceiro, a aqueles usuarios que incumpran as presentes condici\u00f3ns Xerais de Uso.<\/p>\n<p><b>11. XENERALIDADES:<\/b><\/p>\n<p>FUNDACI\u00d3N CATEDRAL DE SANTIAGO perseguir\u00e1 o incumprimento das presentes condici\u00f3ns as\u00ed como calquera utilizaci\u00f3n indebida do seu portal exercendo todas as acci\u00f3ns civ\u00eds e penais que lle poden corresponder en dereito.<\/p>\n<p><b>12. MODIFICACI\u00d3N DAS PRESENTES CONDICI\u00d3NS E DURACI\u00d3N:<\/b><\/p>\n<p>FUNDACI\u00d3N CATEDRAL DE SANTIAGO poder\u00e1 modificar en calquera momento as condici\u00f3ns aqu\u00ed determinadas, sendo debidamente publicadas como aqu\u00ed aparecen. A vixencia das citadas condici\u00f3ns ir\u00e1 en funci\u00f3n da s\u00faa exposici\u00f3n e estar\u00e1n vixentes ata que sexan modificadas por outras debidamente publicadas.<\/p>\n<p><b>13. LEXISLACI\u00d3N APLICABLE E XURISDICI\u00d3N:<\/b><\/p>\n<p>A relaci\u00f3n entre FUNDACI\u00d3N CATEDRAL DE SANTIAGO e o USUARIO rexerase pola normativa espa\u00f1ola vixente e calquera controversia someterase aos Xulgados e Tribunais de Santiago de Compostela[\/vc_column_text][\/vc_column][\/vc_row]<\/p>\n<\/section>","protected":false},"excerpt":{"rendered":"<p>[vc_row css=&#8221;.vc_custom_1698059293023{padding-top: 80px !important;padding-bottom: 80px !important;}&#8221;][vc_column][vc_column_text]1. DATOS IDENTIFICATIVOS: En cumprimento do deber de informaci\u00f3n recollido no artigo 10 da Lei 34\/2002, do 11 de xullo, de Servizos da Sociedade da Informaci\u00f3n e do Comercio electr\u00f3nico, a continuaci\u00f3n refl\u00edctense os seguintes datos: a empresa titular de www.musar.gal \u00e9 FUNDACI\u00d3N CATEDRAL DE SANTIAGO, con CIF G-70.178.603 e [&hellip;]<\/p>\n","protected":false},"author":1,"featured_media":0,"parent":0,"menu_order":0,"comment_status":"closed","ping_status":"closed","template":"normal-page-template.php","meta":{"footnotes":""},"class_list":["post-1194","page","type-page","status-publish","hentry"],"yoast_head":"<!-- This site is optimized with the Yoast SEO plugin v21.4 - https:\/\/yoast.com\/wordpress\/plugins\/seo\/ -->\n<title>Aviso Legal - MUSAR<\/title>\n<meta name=\"robots\" content=\"noindex, nofollow\" \/>\n<meta property=\"og:locale\" content=\"gl_ES\" \/>\n<meta property=\"og:type\" content=\"article\" \/>\n<meta property=\"og:title\" content=\"Aviso Legal - MUSAR\" \/>\n<meta property=\"og:description\" content=\"[vc_row css=&#8221;.vc_custom_1698059293023{padding-top: 80px !important;padding-bottom: 80px !important;}&#8221;][vc_column][vc_column_text]1. DATOS IDENTIFICATIVOS: En cumprimento do deber de informaci\u00f3n recollido no artigo 10 da Lei 34\/2002, do 11 de xullo, de Servizos da Sociedade da Informaci\u00f3n e do Comercio electr\u00f3nico, a continuaci\u00f3n refl\u00edctense os seguintes datos: a empresa titular de www.musar.gal \u00e9 FUNDACI\u00d3N CATEDRAL DE SANTIAGO, con CIF G-70.178.603 e [&hellip;]\" \/>\n<meta property=\"og:url\" content=\"https:\/\/musar.gal\/gl\/aviso-legal\/\" \/>\n<meta property=\"og:site_name\" content=\"MUSAR\" \/>\n<meta property=\"article:modified_time\" content=\"2023-10-24T10:56:50+00:00\" \/>\n<meta property=\"og:image\" content=\"https:\/\/musar.gal\/wp-content\/uploads\/2023\/10\/fb-share.png\" \/>\n\t<meta property=\"og:image:width\" content=\"1200\" \/>\n\t<meta property=\"og:image:height\" content=\"630\" \/>\n\t<meta property=\"og:image:type\" content=\"image\/png\" \/>\n<meta name=\"twitter:card\" content=\"summary_large_image\" \/>\n<meta name=\"twitter:label1\" content=\"Tempo de lectura\" \/>\n\t<meta name=\"twitter:data1\" content=\"8 minutos\" \/>\n<script type=\"application\/ld+json\" class=\"yoast-schema-graph\">{\"@context\":\"https:\/\/schema.org\",\"@graph\":[{\"@type\":\"WebPage\",\"@id\":\"https:\/\/musar.gal\/gl\/aviso-legal\/\",\"url\":\"https:\/\/musar.gal\/gl\/aviso-legal\/\",\"name\":\"Aviso Legal - MUSAR\",\"isPartOf\":{\"@id\":\"https:\/\/musar.gal\/#website\"},\"datePublished\":\"2023-10-18T07:52:51+00:00\",\"dateModified\":\"2023-10-24T10:56:50+00:00\",\"breadcrumb\":{\"@id\":\"https:\/\/musar.gal\/gl\/aviso-legal\/#breadcrumb\"},\"inLanguage\":\"gl-ES\",\"potentialAction\":[{\"@type\":\"ReadAction\",\"target\":[\"https:\/\/musar.gal\/gl\/aviso-legal\/\"]}]},{\"@type\":\"BreadcrumbList\",\"@id\":\"https:\/\/musar.gal\/gl\/aviso-legal\/#breadcrumb\",\"itemListElement\":[{\"@type\":\"ListItem\",\"position\":1,\"name\":\"Portada\",\"item\":\"https:\/\/musar.gal\/gl\/\"},{\"@type\":\"ListItem\",\"position\":2,\"name\":\"Aviso Legal\"}]},{\"@type\":\"WebSite\",\"@id\":\"https:\/\/musar.gal\/#website\",\"url\":\"https:\/\/musar.gal\/\",\"name\":\"MUSAR\",\"description\":\"\",\"potentialAction\":[{\"@type\":\"SearchAction\",\"target\":{\"@type\":\"EntryPoint\",\"urlTemplate\":\"https:\/\/musar.gal\/?s={search_term_string}\"},\"query-input\":\"required name=search_term_string\"}],\"inLanguage\":\"gl-ES\"}]}<\/script>\n<!-- \/ Yoast SEO plugin. -->","yoast_head_json":{"title":"Aviso Legal - MUSAR","robots":{"index":"noindex","follow":"nofollow"},"og_locale":"gl_ES","og_type":"article","og_title":"Aviso Legal - MUSAR","og_description":"[vc_row css=&#8221;.vc_custom_1698059293023{padding-top: 80px !important;padding-bottom: 80px !important;}&#8221;][vc_column][vc_column_text]1. DATOS IDENTIFICATIVOS: En cumprimento do deber de informaci\u00f3n recollido no artigo 10 da Lei 34\/2002, do 11 de xullo, de Servizos da Sociedade da Informaci\u00f3n e do Comercio electr\u00f3nico, a continuaci\u00f3n refl\u00edctense os seguintes datos: a empresa titular de www.musar.gal \u00e9 FUNDACI\u00d3N CATEDRAL DE SANTIAGO, con CIF G-70.178.603 e [&hellip;]","og_url":"https:\/\/musar.gal\/gl\/aviso-legal\/","og_site_name":"MUSAR","article_modified_time":"2023-10-24T10:56:50+00:00","og_image":[{"width":1200,"height":630,"url":"https:\/\/musar.gal\/wp-content\/uploads\/2023\/10\/fb-share.png","type":"image\/png"}],"twitter_card":"summary_large_image","twitter_misc":{"Tempo de lectura":"8 minutos"},"schema":{"@context":"https:\/\/schema.org","@graph":[{"@type":"WebPage","@id":"https:\/\/musar.gal\/gl\/aviso-legal\/","url":"https:\/\/musar.gal\/gl\/aviso-legal\/","name":"Aviso Legal - MUSAR","isPartOf":{"@id":"https:\/\/musar.gal\/#website"},"datePublished":"2023-10-18T07:52:51+00:00","dateModified":"2023-10-24T10:56:50+00:00","breadcrumb":{"@id":"https:\/\/musar.gal\/gl\/aviso-legal\/#breadcrumb"},"inLanguage":"gl-ES","potentialAction":[{"@type":"ReadAction","target":["https:\/\/musar.gal\/gl\/aviso-legal\/"]}]},{"@type":"BreadcrumbList","@id":"https:\/\/musar.gal\/gl\/aviso-legal\/#breadcrumb","itemListElement":[{"@type":"ListItem","position":1,"name":"Portada","item":"https:\/\/musar.gal\/gl\/"},{"@type":"ListItem","position":2,"name":"Aviso Legal"}]},{"@type":"WebSite","@id":"https:\/\/musar.gal\/#website","url":"https:\/\/musar.gal\/","name":"MUSAR","description":"","potentialAction":[{"@type":"SearchAction","target":{"@type":"EntryPoint","urlTemplate":"https:\/\/musar.gal\/?s={search_term_string}"},"query-input":"required name=search_term_string"}],"inLanguage":"gl-ES"}]}},"_links":{"self":[{"href":"https:\/\/musar.gal\/gl\/wp-json\/wp\/v2\/pages\/1194","targetHints":{"allow":["GET"]}}],"collection":[{"href":"https:\/\/musar.gal\/gl\/wp-json\/wp\/v2\/pages"}],"about":[{"href":"https:\/\/musar.gal\/gl\/wp-json\/wp\/v2\/types\/page"}],"author":[{"embeddable":true,"href":"https:\/\/musar.gal\/gl\/wp-json\/wp\/v2\/users\/1"}],"replies":[{"embeddable":true,"href":"https:\/\/musar.gal\/gl\/wp-json\/wp\/v2\/comments?post=1194"}],"version-history":[{"count":1,"href":"https:\/\/musar.gal\/gl\/wp-json\/wp\/v2\/pages\/1194\/revisions"}],"predecessor-version":[{"id":1283,"href":"https:\/\/musar.gal\/gl\/wp-json\/wp\/v2\/pages\/1194\/revisions\/1283"}],"wp:attachment":[{"href":"https:\/\/musar.gal\/gl\/wp-json\/wp\/v2\/media?parent=1194"}],"curies":[{"name":"wp","href":"https:\/\/api.w.org\/{rel}","templated":true}]}}