{"id":1200,"date":"2023-10-18T10:11:40","date_gmt":"2023-10-18T08:11:40","guid":{"rendered":"https:\/\/musar.gal\/politica-de-cookies\/"},"modified":"2023-10-24T13:09:50","modified_gmt":"2023-10-24T11:09:50","slug":"politica-de-cookies","status":"publish","type":"page","link":"https:\/\/musar.gal\/gl\/politica-de-cookies\/","title":{"rendered":"Pol\u00edtica de Cookies"},"content":{"rendered":"<section class=\"wpb-content-wrapper\"><p>[vc_row css=&#8221;.vc_custom_1698059225226{padding-top: 80px !important;padding-bottom: 80px !important;}&#8221;][vc_column][vc_column_text]A web www.musar.gal utiliza cookies para facilitar a relaci\u00f3n dos visitantes co noso contido e para permitir elaborar estat\u00edsticas sobre os visitantes que recibimos. En cumprimento da Directiva 2009\/136\/CE, desenvolvida no noso ordenamento polo apartado segundo do artigo 22 da Lei de Servizos da Sociedade da Informaci\u00f3n, seguindo as directrices da Axencia Espa\u00f1ola de Protecci\u00f3n de Datos, procedemos a informarlle detalladamente do uso que se fai na nosa web.<\/p>\n<p><strong>Que son as cookies?<\/strong><\/p>\n<p>Denom\u00ednanse cookies a uns pequenos arquivos que se gravan no navegador utilizado por cada visitante da nosa web para que o servidor poida lembrar a visita dese usuario con posterioridade cando volva acceder aos nosos contidos. Esta informaci\u00f3n non revela a s\u00faa identidade, nin dato persoal alg\u00fan, nin accede ao contido almacenado no seu pc, pero si que permite ao noso sistema identificalo a vostede como un usuario (an\u00f3nimo) determinado que xa visitou a web con anterioridade, visualizou determinadas p\u00e1xinas, etc. e ademais permite gardar as s\u00faas preferencias persoais e informaci\u00f3n t\u00e9cnica como por exemplo as visitas realizadas ou p\u00e1xinas concretas que visite.<\/p>\n<p><strong>Xestionar Cookies<\/strong><\/p>\n<p>Se vostede non desexa que se gardan cookies no seu navegador ou prefire recibir unha informaci\u00f3n cada vez que unha cookie solicite instalarse, pode configurar as s\u00faas opci\u00f3ns de navegaci\u00f3n para que se faga dese xeito. A maior parte dos navegadores permiten a xesti\u00f3n das cookies de 3 formas diferentes:<\/p>\n<ul class=\"\" style=\"margin-bottom: 30px;\">\n<li>As cookies son sempre rexeitadas;<\/li>\n<li>O navegador pregunta se o usuario desexa instalar cada cookie;<\/li>\n<li>As cookies son sempre aceptadas;<\/li>\n<\/ul>\n<p>O seu navegador tam\u00e9n pode inclu\u00edr a posibilidade de seleccionar con detalle as cookies que desexa que se instalen no seu ordenador. En concreto, o usuario pode normalmente aceptar algunha das seguintes opci\u00f3ns:<\/p>\n<ul class=\"\" style=\"margin-bottom: 30px;\">\n<li>rexeitar as cookies de determinados dominios;<\/li>\n<li>rexeitar as cookies de terceiros;<\/li>\n<li>aceptar cookies como non persistentes (elim\u00ednanse cando o navegador se pecha);<\/li>\n<li>permitir ao servidor crear cookies para un dominio diferente.<\/li>\n<\/ul>\n<p>Pode atopar informaci\u00f3n sobre como configurar os navegadores m\u00e1is usados nos seguintes enlaces:<\/p>\n<ul class=\"\" style=\"margin-bottom: 30px;\">\n<li><a href=\"http:\/\/support.google.com\/chrome\/bin\/answer.py?hl=es&amp;answer=95647\" target=\"_blank\" rel=\"noopener noreferrer\">Google Chrome<\/a><\/li>\n<li><a href=\"https:\/\/support.microsoft.com\/es-es\/topic\/c%C3%B3mo-eliminar-archivos-de-cookies-en-internet-explorer-bca9446f-d873-78de-77ba-d42645fa52fc\" target=\"_blank\" rel=\"noopener noreferrer\">Internet Explorer<\/a><\/li>\n<li><a href=\"http:\/\/support.mozilla.org\/kb\/habilitar-y-deshabilitar-cookies-que-los-sitios-we\" target=\"_blank\" rel=\"noopener noreferrer\">Mozilla Firefox<\/a>\u00a0\u2013\u00a0<a href=\"http:\/\/support.mozilla.org\/kb\/Borrar%20cookies\" target=\"_blank\" rel=\"noopener noreferrer\">(Borrar Cookies en Mozilla Firefox)<\/a><\/li>\n<li><a href=\"http:\/\/support.apple.com\/kb\/ph5042\" target=\"_blank\" rel=\"noopener noreferrer\">Safari<\/a>\u00a0\u2013\u00a0<a href=\"http:\/\/es.wikihow.com\/borrar-cookies-en-Safari\" target=\"_blank\" rel=\"noopener noreferrer\">(Borrar Cookies en Safari)<\/a><\/li>\n<\/ul>\n<p>Respecto das cookies de terceiros, \u00e9 dicir aquelas que son alleas ao noso sitio web, non podemos facernos responsables do contido e veracidade das pol\u00edticas de privacidade que eles incl\u00faen polo que a informaci\u00f3n que lle ofrecemos \u00e9 sempre con referencia \u00e1 fonte. No caso de d\u00fabidas dir\u00edxase ao webmaster do dominio creador da cookie.<\/p>\n<p>Se desexa consultar as condici\u00f3ns completas de uso do sitio www.musar.gal p\u00f3dese facer <a href=\"http:\/\/www.musar.gal\/gl\/aviso-legal\">neste enlace<\/a>.<\/p>\n<p>A continuaci\u00f3n inf\u00f3rmase detalladamente das cookies que poden instalarse desde o noso sitio www.musar.gal . En funci\u00f3n da s\u00faa navegaci\u00f3n poder\u00e1n instalarse todas ou s\u00f3 algunhas delas.<\/p>\n<div class=\"table-responsive\" style=\"margin-bottom: 30px;\">\n<table class=\"table table-striped\">\n<thead>\n<tr>\n<th class=\"destaca-lista\">Dominio<\/th>\n<th class=\"destaca-lista\">Nome da Cookie<\/th>\n<th class=\"destaca-lista\">Descrici\u00f3n<\/th>\n<th class=\"Destaca-lista\">Tempo de caducidade<\/th>\n<th class=\"destaca-lista\">M\u00e1is Informaci\u00f3n<\/th>\n<\/tr>\n<\/thead>\n<tbody>\n<tr>\n<td>www.musar.gal<\/td>\n<td>PHPSESSID<\/td>\n<td>Cookie utilizada polo linguaxe de programaci\u00f3n PHP para permitir que as variables de sesi\u00f3n sexan gardadas no servidor web. Esta cookie \u00e9 esencial para o funcionamento da web.<\/td>\n<td>Data de caducidade: Ao pechar a sesi\u00f3n<\/td>\n<td><a href=\"http:\/\/www.musar.gal\/aviso-legal\" target=\"_blank\" rel=\"noopener noreferrer\">Pol\u00edtica de Privacidade<\/a><\/td>\n<\/tr>\n<tr>\n<td>www.musar.gal<\/td>\n<td>gp_cookies_closed<\/td>\n<td>Cookie que indica que o usuario pechou a xanela de preferencias de cookies.<\/td>\n<td>Data de caducidade: 24 meses (2 anos)<\/td>\n<td><a href=\"https:\/\/www.musar.gal\/aviso-legal\/\/\" rel=\"noopener noreferrer\">Pol\u00edtica de Privacidade<\/a><\/td>\n<\/tr>\n<tr>\n<td>www.musar.gal<\/td>\n<td>gp_cookies_groups<\/td>\n<td>Cookie que recolle os grupos de cookies que o usuario acepta que instalemos.<\/td>\n<td>Data de caducidade: 24 meses (2 anos)<\/td>\n<td><a href=\"https:\/\/www.musar.gal\/aviso-legal\/\/\" rel=\"noopener noreferrer\">Pol\u00edtica de Privacidade<\/a><\/td>\n<\/tr>\n<tr>\n<td>google.com<\/td>\n<td>1P_JAR<\/td>\n<td>Almacenamento das preferencias de usuario de google.<\/td>\n<td>Data de caducidade: 1 semana<\/td>\n<td><a href=\"http:\/\/www.google.com\/intl\/es_ALL\/privacypolicy.html\" target=\"_blank\" rel=\"noopener noreferrer\">Pol\u00edtica de Privacidade<\/a><\/td>\n<\/tr>\n<tr>\n<td>google.com<\/td>\n<td>NID, AID, ANID, identificador de canal<\/td>\n<td>Recolle de forma an\u00f3nima os h\u00e1bitos de uso do sitio dos visitantes e as p\u00e1xinas que viron.<\/td>\n<td>Data de caducidade: 6 meses<\/td>\n<td><a href=\"http:\/\/www.google.com\/intl\/es_ALL\/privacypolicy.html\" target=\"_blank\" rel=\"noopener noreferrer\">Pol\u00edtica de Privacidade<\/a><\/td>\n<\/tr>\n<tr>\n<td>google.com<\/td>\n<td>CONSENT<\/td>\n<td>Publicitaria. Mellora a publicidade, soe utilizarse para orientarse ao usuario.<\/td>\n<td>Data de caducidade: 6 meses<\/td>\n<td><a href=\"http:\/\/www.google.com\/intl\/es_ALL\/privacypolicy.html\" target=\"_blank\" rel=\"noopener noreferrer\">Pol\u00edtica de Privacidade<\/a><\/td>\n<\/tr>\n<tr>\n<td>google.com<\/td>\n<td>__Secure-3PAPISID, __Secure-3PSID, __Secure-APISID, __Secure-HSID, __Secure-SSID<\/td>\n<td>Publicitaria. Estas cookies \u00fasanse para entregar anuncios m\u00e1is relevantes para vostede e os seus intereses<\/td>\n<td>Data de caducidade: 2 anos<\/td>\n<td><a href=\"https:\/\/policies.google.com\/technologies\/ads?hl=es\">Pol\u00edtica de Privacidade<\/a><\/td>\n<\/tr>\n<tr>\n<td>doubleclick.net<\/td>\n<td>DSID, IDE<\/td>\n<td>Cookie de DoubleClick, que \u00e9 utilizada por Google AdSense para gravar e producir informes sobre as acci\u00f3ns do usuario no sitio web despois de ver ou facer clic nun dos anunciantes de publicidade co fin de medir a efectividade da publicidade e a presentaci\u00f3n dos anuncios dirixidos ao usuario.<\/td>\n<td>Data de caducidade: 2 anos<\/td>\n<td><a href=\"https:\/\/policies.google.com\/technologies\/ads?hl=es\">Pol\u00edtica de Privacidade<\/a><\/td>\n<\/tr>\n<\/tbody>\n<\/table>\n<\/div>\n<p><strong>Que podes facer coas cookies?<\/strong><\/p>\n<p>Cando accedes por primeira vez \u00e1 nosa p\u00e1xina web, am\u00f3saste unha xanela na que che informamos que as cookies poden ser de varios tipos:<\/p>\n<ul style=\"margin-bottom: 30px;\">\n<li>As cookies t\u00e9cnicas son necesarias para que a nosa p\u00e1xina web poida funcionar, non precisan da t\u00faa autorizaci\u00f3n e son as \u00fanicas que temos activadas por defecto.<\/li>\n<li>O resto de cookies serven para mellorar a nosa p\u00e1xina, para personalizala en base \u00e1s t\u00faas preferencias, ou para poder mostrarche publicidade axustada \u00e1s t\u00faas buscas, gustos e intereses persoais. Todas elas as temos desactivadas por defecto, pero podes activarlas no noso apartado CONFIGURACI\u00d3N DE COOKIES: toma o control e g\u00f3zaa dunha navegaci\u00f3n personalizada na nosa p\u00e1xina, cun paso tan sinxelo e r\u00e1pido como a marcaci\u00f3n das casillas que ti queiras.<\/li>\n<\/ul>\n<p>Informarte tam\u00e9n que, unha vez que activaches calquera tipo de cookies, tes a posibilidade de desalas no momento que desexes, co simple paso de desmarcar a casilla correspondente no apartado CONFIGURACI\u00d3N DE COOKIES da nosa p\u00e1xina web. Sempre ser\u00e1 tan sinxelo para ti activar as nosas cookies propias como desactivaras.<\/p>\n<p>Recordarte tam\u00e9n que, a trav\u00e9s da configuraci\u00f3n do teu navegador, podes bloquear ou alertar da presenza de cookies, se ben dito bloqueo pode afectar ao correcto funcionamento das distintas funcionalidades da nosa p\u00e1xina web no caso das cookies t\u00e9cnicas necesarias.<\/p>\n<p>Por \u00faltimo, indicarche que, se activas cookies de terceiros (empresas externas que prestan servizos para a nosa p\u00e1xina web) e posteriormente desexas desalas, poder\u00e1s facelo de d\u00faas formas: usando as ferramentas de desactivaci\u00f3n de cookies do teu navegador ou a trav\u00e9s dos propios sistemas habilitados por ditos provedores externos.<\/p>\n<p>Para que che sexa moito m\u00e1is doado, a continuaci\u00f3n relat\u00e1mosche unha serie de enlaces \u00e1s pautas de desactivaci\u00f3n de cookies dos navegadores de uso com\u00fan:<\/p>\n<ul style=\"margin-bottom: 30px;\">\n<li><a href=\"https:\/\/support.google.com\/accounts\/answer\/61416?co=GENIE.Platform%3DDesktop&amp;hl=es\" target=\"_blank\" rel=\"noopener noreferrer\">Google Chrome<\/a>.<\/li>\n<li><a href=\"https:\/\/support.mozilla.org\/es\/kb\/Borrar%20cookies\" target=\"_blank\" rel=\"noopener noreferrer\">Mozilla Firefox<\/a>.<\/li>\n<li><a href=\"https:\/\/support.microsoft.com\/es-es\/help\/278835\/how-to-delete-cookie-files-in-internet-explorer\" target=\"_blank\" rel=\"noopener noreferrer\">Internet Explorer.<\/a><\/li>\n<li><a href=\"https:\/\/support.apple.com\/es-es\/guide\/safari\/sfri11471\/mac\" target=\"_blank\" rel=\"noopener noreferrer\">Safari.<\/a><\/li>\n<li><a href=\"https:\/\/support.apple.com\/es-es\/HT201265\" target=\"_blank\" rel=\"noopener noreferrer\">Safari para IOS (iPhone e iPad).<\/a><\/li>\n<li><a href=\"https:\/\/support.google.com\/accounts\/answer\/61416?co=GENIE.Platform%3DAndroid&amp;hl=es&amp;oco=1\" target=\"_blank\" rel=\"noopener noreferrer\">Google Chrome para Android.<\/a><\/li>\n<li><a href=\"https:\/\/support.google.com\/accounts\/answer\/61416?co=GENIE.Platform%3DiOS&amp;hl=es&amp;oco=1\" target=\"_blank\" rel=\"noopener\">Google Chrome para Iphone e Ipad.<\/a><\/li>\n<\/ul>\n<p><strong>Como xestionar a configuraci\u00f3n das cookies?<\/strong><\/p>\n<p>Cando o usuario accede por primeira vez \u00e1 nosa p\u00e1xina web, am\u00f3sase unha xanela e ind\u00edcase que poder\u00e1 aceptar as cookies, configurar o tratamento ou rexeitalas.<\/p>\n<p>Neste sentido, a continuaci\u00f3n, facilit\u00e1selle un panel de configuraci\u00f3n que lle permitir\u00e1 aceptar ou rexeitar a instalaci\u00f3n das cookies, salvo aquelas estritamente necesarias, sen as cales a web non funcionar\u00eda correctamente ou non permitir\u00edan prestar o servizo solicitado ao usuario.<\/p>\n<p><a class=\"open-gp-cookies\" href=\"#\">Configurar cookies<\/a>[\/vc_column_text][\/vc_column][\/vc_row]<\/p>\n<\/section>","protected":false},"excerpt":{"rendered":"<p>[vc_row css=&#8221;.vc_custom_1698059225226{padding-top: 80px !important;padding-bottom: 80px !important;}&#8221;][vc_column][vc_column_text]A web www.musar.gal utiliza cookies para facilitar a relaci\u00f3n dos visitantes co noso contido e para permitir elaborar estat\u00edsticas sobre os visitantes que recibimos. En cumprimento da Directiva 2009\/136\/CE, desenvolvida no noso ordenamento polo apartado segundo do artigo 22 da Lei de Servizos da Sociedade da Informaci\u00f3n, seguindo as directrices [&hellip;]<\/p>\n","protected":false},"author":1,"featured_media":0,"parent":0,"menu_order":0,"comment_status":"closed","ping_status":"closed","template":"normal-page-template.php","meta":{"footnotes":""},"class_list":["post-1200","page","type-page","status-publish","hentry"],"yoast_head":"<!-- This site is optimized with the Yoast SEO plugin v21.4 - https:\/\/yoast.com\/wordpress\/plugins\/seo\/ -->\n<title>Pol\u00edtica de Cookies - MUSAR<\/title>\n<meta name=\"robots\" content=\"noindex, nofollow\" \/>\n<meta property=\"og:locale\" content=\"gl_ES\" \/>\n<meta property=\"og:type\" content=\"article\" \/>\n<meta property=\"og:title\" content=\"Pol\u00edtica de Cookies - MUSAR\" \/>\n<meta property=\"og:description\" content=\"[vc_row css=&#8221;.vc_custom_1698059225226{padding-top: 80px !important;padding-bottom: 80px !important;}&#8221;][vc_column][vc_column_text]A web www.musar.gal utiliza cookies para facilitar a relaci\u00f3n dos visitantes co noso contido e para permitir elaborar estat\u00edsticas sobre os visitantes que recibimos. En cumprimento da Directiva 2009\/136\/CE, desenvolvida no noso ordenamento polo apartado segundo do artigo 22 da Lei de Servizos da Sociedade da Informaci\u00f3n, seguindo as directrices [&hellip;]\" \/>\n<meta property=\"og:url\" content=\"https:\/\/musar.gal\/gl\/politica-de-cookies\/\" \/>\n<meta property=\"og:site_name\" content=\"MUSAR\" \/>\n<meta property=\"article:modified_time\" content=\"2023-10-24T11:09:50+00:00\" \/>\n<meta property=\"og:image\" content=\"https:\/\/musar.gal\/wp-content\/uploads\/2023\/10\/fb-share.png\" \/>\n\t<meta property=\"og:image:width\" content=\"1200\" \/>\n\t<meta property=\"og:image:height\" content=\"630\" \/>\n\t<meta property=\"og:image:type\" content=\"image\/png\" \/>\n<meta name=\"twitter:card\" content=\"summary_large_image\" \/>\n<meta name=\"twitter:label1\" content=\"Tempo de lectura\" \/>\n\t<meta name=\"twitter:data1\" content=\"5 minutos\" \/>\n<script type=\"application\/ld+json\" class=\"yoast-schema-graph\">{\"@context\":\"https:\/\/schema.org\",\"@graph\":[{\"@type\":\"WebPage\",\"@id\":\"https:\/\/musar.gal\/gl\/politica-de-cookies\/\",\"url\":\"https:\/\/musar.gal\/gl\/politica-de-cookies\/\",\"name\":\"Pol\u00edtica de Cookies - MUSAR\",\"isPartOf\":{\"@id\":\"https:\/\/musar.gal\/#website\"},\"datePublished\":\"2023-10-18T08:11:40+00:00\",\"dateModified\":\"2023-10-24T11:09:50+00:00\",\"breadcrumb\":{\"@id\":\"https:\/\/musar.gal\/gl\/politica-de-cookies\/#breadcrumb\"},\"inLanguage\":\"gl-ES\",\"potentialAction\":[{\"@type\":\"ReadAction\",\"target\":[\"https:\/\/musar.gal\/gl\/politica-de-cookies\/\"]}]},{\"@type\":\"BreadcrumbList\",\"@id\":\"https:\/\/musar.gal\/gl\/politica-de-cookies\/#breadcrumb\",\"itemListElement\":[{\"@type\":\"ListItem\",\"position\":1,\"name\":\"Portada\",\"item\":\"https:\/\/musar.gal\/gl\/\"},{\"@type\":\"ListItem\",\"position\":2,\"name\":\"Pol\u00edtica de Cookies\"}]},{\"@type\":\"WebSite\",\"@id\":\"https:\/\/musar.gal\/#website\",\"url\":\"https:\/\/musar.gal\/\",\"name\":\"MUSAR\",\"description\":\"\",\"potentialAction\":[{\"@type\":\"SearchAction\",\"target\":{\"@type\":\"EntryPoint\",\"urlTemplate\":\"https:\/\/musar.gal\/?s={search_term_string}\"},\"query-input\":\"required name=search_term_string\"}],\"inLanguage\":\"gl-ES\"}]}<\/script>\n<!-- \/ Yoast SEO plugin. -->","yoast_head_json":{"title":"Pol\u00edtica de Cookies - MUSAR","robots":{"index":"noindex","follow":"nofollow"},"og_locale":"gl_ES","og_type":"article","og_title":"Pol\u00edtica de Cookies - MUSAR","og_description":"[vc_row css=&#8221;.vc_custom_1698059225226{padding-top: 80px !important;padding-bottom: 80px !important;}&#8221;][vc_column][vc_column_text]A web www.musar.gal utiliza cookies para facilitar a relaci\u00f3n dos visitantes co noso contido e para permitir elaborar estat\u00edsticas sobre os visitantes que recibimos. En cumprimento da Directiva 2009\/136\/CE, desenvolvida no noso ordenamento polo apartado segundo do artigo 22 da Lei de Servizos da Sociedade da Informaci\u00f3n, seguindo as directrices [&hellip;]","og_url":"https:\/\/musar.gal\/gl\/politica-de-cookies\/","og_site_name":"MUSAR","article_modified_time":"2023-10-24T11:09:50+00:00","og_image":[{"width":1200,"height":630,"url":"https:\/\/musar.gal\/wp-content\/uploads\/2023\/10\/fb-share.png","type":"image\/png"}],"twitter_card":"summary_large_image","twitter_misc":{"Tempo de lectura":"5 minutos"},"schema":{"@context":"https:\/\/schema.org","@graph":[{"@type":"WebPage","@id":"https:\/\/musar.gal\/gl\/politica-de-cookies\/","url":"https:\/\/musar.gal\/gl\/politica-de-cookies\/","name":"Pol\u00edtica de Cookies - MUSAR","isPartOf":{"@id":"https:\/\/musar.gal\/#website"},"datePublished":"2023-10-18T08:11:40+00:00","dateModified":"2023-10-24T11:09:50+00:00","breadcrumb":{"@id":"https:\/\/musar.gal\/gl\/politica-de-cookies\/#breadcrumb"},"inLanguage":"gl-ES","potentialAction":[{"@type":"ReadAction","target":["https:\/\/musar.gal\/gl\/politica-de-cookies\/"]}]},{"@type":"BreadcrumbList","@id":"https:\/\/musar.gal\/gl\/politica-de-cookies\/#breadcrumb","itemListElement":[{"@type":"ListItem","position":1,"name":"Portada","item":"https:\/\/musar.gal\/gl\/"},{"@type":"ListItem","position":2,"name":"Pol\u00edtica de Cookies"}]},{"@type":"WebSite","@id":"https:\/\/musar.gal\/#website","url":"https:\/\/musar.gal\/","name":"MUSAR","description":"","potentialAction":[{"@type":"SearchAction","target":{"@type":"EntryPoint","urlTemplate":"https:\/\/musar.gal\/?s={search_term_string}"},"query-input":"required name=search_term_string"}],"inLanguage":"gl-ES"}]}},"_links":{"self":[{"href":"https:\/\/musar.gal\/gl\/wp-json\/wp\/v2\/pages\/1200","targetHints":{"allow":["GET"]}}],"collection":[{"href":"https:\/\/musar.gal\/gl\/wp-json\/wp\/v2\/pages"}],"about":[{"href":"https:\/\/musar.gal\/gl\/wp-json\/wp\/v2\/types\/page"}],"author":[{"embeddable":true,"href":"https:\/\/musar.gal\/gl\/wp-json\/wp\/v2\/users\/1"}],"replies":[{"embeddable":true,"href":"https:\/\/musar.gal\/gl\/wp-json\/wp\/v2\/comments?post=1200"}],"version-history":[{"count":2,"href":"https:\/\/musar.gal\/gl\/wp-json\/wp\/v2\/pages\/1200\/revisions"}],"predecessor-version":[{"id":1287,"href":"https:\/\/musar.gal\/gl\/wp-json\/wp\/v2\/pages\/1200\/revisions\/1287"}],"wp:attachment":[{"href":"https:\/\/musar.gal\/gl\/wp-json\/wp\/v2\/media?parent=1200"}],"curies":[{"name":"wp","href":"https:\/\/api.w.org\/{rel}","templated":true}]}}