{"id":1201,"date":"2023-10-18T09:57:50","date_gmt":"2023-10-18T07:57:50","guid":{"rendered":"https:\/\/musar.gal\/politica-de-privacidad\/"},"modified":"2023-10-24T13:06:03","modified_gmt":"2023-10-24T11:06:03","slug":"politica-de-privacidade","status":"publish","type":"page","link":"https:\/\/musar.gal\/gl\/politica-de-privacidade\/","title":{"rendered":"Pol\u00edtica de Privacidade"},"content":{"rendered":"<section class=\"wpb-content-wrapper\"><p>[vc_row css=&#8221;.vc_custom_1698059277058{padding-top: 80px !important;padding-bottom: 80px !important;}&#8221;][vc_column][vc_column_text]<\/p>\n<p><strong>1. DATOS IDENTIFICATIVOS:<\/strong><\/p>\n<p>En cumprimento do deber de informaci\u00f3n recollido no artigo 10 da Lei 34\/2002, do 11 de xullo, de Servizos da Sociedade da Informaci\u00f3n e do Comercio electr\u00f3nico, a continuaci\u00f3n refl\u00edctense os seguintes datos: a empresa titular de www.catedraldesantiago.es \u00e9 FUNDACI\u00d3N CATEDRAL DE SANTIAGO con CIF G-70.178.603 e domicilio para estes efectos en R\u00faa do Villar, n\u00ba 1, 15701, Santiago de Compostela (A Coru\u00f1a) con correo electr\u00f3nico de contacto: prensa@catedraldesantiago.es<\/p>\n<p><strong>2. USUARIOS:<\/strong><\/p>\n<p>O acceso e\/o uso deste portal de FUNDACI\u00d3N CATEDRAL DE SANTIAGO atrib\u00fae a condici\u00f3n de USUARIO, que acepta, desde o devandito acceso e\/o uso, as Condici\u00f3ns Xerais de uso aqu\u00ed reflectidas. As citadas condici\u00f3ns ser\u00e1n de aplicaci\u00f3n independentemente das Condici\u00f3ns Xerais de Contrataci\u00f3n que no seu caso resulten de obrigado cumprimento.<\/p>\n<p><strong>3. USO DO PORTAL:<\/strong><\/p>\n<p>www.catedraldesantiago.es proporciona o acceso a multitude de informaci\u00f3ns, servizos, programas ou datos (en diante, \u201cos contidos\u201d) na internet pertencentes a FUNDACI\u00d3N CATEDRAL DE SANTIAGO aos que o USUARIO poida ter acceso. O USUARIO asume a responsabilidade de uso do portal. Dita responsabilidade est\u00e9ndese ao rexistro que fose necesario para acceder a determinados servizos ou contidos. No devandito rexistro o USUARIO ser\u00e1 responsable de achegar informaci\u00f3n veraz e l\u00edcita. Como consecuencia deste rexistro, ao USUARIO p\u00f3deselle proporcionar un contrasinal da que ser\u00e1 responsable, compromet\u00e9ndose a facer un uso dilixente e confidencial da mesma. O USUARIO comprom\u00e9tese a facer un uso adecuado dos contidos e servizos que FUNDACI\u00d3N CATEDRAL DE SANTIAGO ofrece a trav\u00e9s da s\u00faa p\u00e1xina Web, compromet\u00e9ndose a non utilizalos para actividades que poidan ser il\u00edcitas, contrarias \u00e1 orde p\u00fablica, \u00e1 defensa nacional ou \u00e1 sa\u00fade p\u00fablica. En todo caso, FUNDACI\u00d3N CATEDRAL DE SANTIAGO res\u00e9rvase o dereito de modificar unilateralmente, en calquera momento e sen necesidade de aviso previo\/previo aviso, a estrutura e dese\u00f1o do sitio web: modificar ou eliminar servizos ou contidos as\u00ed como as condici\u00f3ns de acceso e\/o uso do sitio web. Do mesmo xeito FUNDACI\u00d3N CATEDRAL DE SANTIAGO res\u00e9rvase o dereito para modificar en calquera momento as presentes condici\u00f3ns de uso, as\u00ed como calquera outras condici\u00f3ns particulares contidas no sitio web www.catedraldesantiago.es<\/p>\n<p><strong>4. PROTECCI\u00d3N DE DATOS DE CAR\u00c1CTER PERSOAL<\/strong><\/p>\n<p>INFORMACI\u00d3N B\u00c1SICA SOBRE PROTECCI\u00d3N DE DATOS<\/p>\n<table style=\"height: 136px;\" width=\"515\">\n<tbody>\n<tr>\n<td><strong>Responsable<\/strong><\/td>\n<td>FUNDACI\u00d3N CATEDRAL DE SANTIAGO<\/td>\n<\/tr>\n<tr>\n<td><strong>Finalidade<\/strong><\/td>\n<td>Xesti\u00f3n da solicitude<\/td>\n<\/tr>\n<tr>\n<td><strong>Lexitimaci\u00f3n<\/strong><\/td>\n<td>Execuci\u00f3n dun contrato \/ prestaci\u00f3n de servizos<\/td>\n<\/tr>\n<tr>\n<td><strong>Destinatarios<\/strong><\/td>\n<td>Outras empresas ou filiais do grupo<\/td>\n<\/tr>\n<\/tbody>\n<\/table>\n<p>&nbsp;<\/p>\n<h3>Informaci\u00f3n Detallada Protecci\u00f3n de Datos<\/h3>\n<table width=\"515\">\n<tbody>\n<tr>\n<td style=\"width: 294px border-bottom: 1px solid #ddd; border-top: 1px solid #ddd;\"><strong>\u00a0Responsable<\/strong><\/td>\n<td style=\"width: 294px border-bottom: 1px solid #ddd; border-top: 1px solid #ddd;\"><strong>\u00bfQuen \u00e9 o Responsable do tratamento dos seus datos?<br \/>\n<\/strong> Identidade: FUNDACI\u00d3N CATEDRAL DE SANTIAGO<br \/>\nEnderezo Social: R\u00faa do Villar, n\u00ba 1, 15701, Santiago de Compostela (A Coru\u00f1a)<br \/>\nTel\u00e9fono: 981569327<br \/>\nEmail: prensa@catedraldesantiago.es<br \/>\nContacto DPD:<\/td>\n<\/tr>\n<tr>\n<td style=\"width: 294px border-bottom: 1px solid #ddd; border-top: 1px solid #ddd;\">\u00a0<strong>Finalidade<\/strong><\/td>\n<td style=\"width: 294px border-bottom: 1px solid #ddd; border-top: 1px solid #ddd;\">\u00a0<strong>\u00bfCon que finalidade tratamos os seus datos persoais?<\/strong><br \/>\nEn FUNDACI\u00d3N CATEDRAL DE SANTIAGO tratamos a informaci\u00f3n que nos facilitan as persoas interesadas co fin de xestionar o env\u00edo da informaci\u00f3n ou dos seus productos solicitados. Realizar\u00e1nse tratamentos de datos automatizados co fin de elaborar perf\u00eds cos servicios solicitados ou compras realizadas, para poder ofrecerlle promoci\u00f3ns, ofertas ou servizos polos que mostrou interese.<br \/>\n<strong>\u00bfPor canto tempo conservaremos os seus datos?<\/strong><br \/>\nOs datos persoais facilitados polo usuario conservar\u00e1nse meentras non se solicite a supresi\u00f3n dos mesmos por parte do interesado.<\/td>\n<\/tr>\n<tr>\n<td>\u00a0<strong>Lexitimaci\u00f3n<\/strong><\/td>\n<td>A base legal para o tratamento dos seus datos \u00e9 a execuci\u00f3n da s\u00faa solicitude.<\/td>\n<\/tr>\n<tr>\n<td><strong>Destinatarios<\/strong><\/td>\n<td>\u00a0<strong>A qu\u00e9 destinatarios se comunicar\u00e1n os seus datos?<\/strong><br \/>\nFUNDACI\u00d3N CATEDRAL DE SANTIAGO poder\u00e1 ceder os seus datos a outras empresas ou filiais do grupo para fins administrativos e de xesti\u00f3n interna.<\/td>\n<\/tr>\n<tr>\n<td>\u00a0<strong>Dereitos<\/strong><\/td>\n<td>\u00a0O usuario poder\u00e1 exercer en todo momento os dereitos de Acceso, Rectificaci\u00f3n, Supresi\u00f3n, Limitaci\u00f3n, Oposici\u00f3n e Portabilidade dos datos aportados, segundo o disposto no Regulamento Xeral (UE) 2016\/679 de Protecci\u00f3n de Datos, dirixindo un escrito no que especifique que dereito desexa exercer ao domicilio social arriba indicado, achegando copia do documento que o identifique, \u00e1 direcci\u00f3n de correo electr\u00f3nico <a href=\"mailto:prensa@catedraldesantiago.es\">prensa@catedraldesantiago.es<\/a> Asimismo, o interesado pode presentar unha reclamaci\u00f3n ante a Autoridade de Control.<\/td>\n<\/tr>\n<\/tbody>\n<\/table>\n<p>En cumprimento do establecido no Regulamento Xeral (UE) 2016\/679 de Protecci\u00f3n de Datos, comunicamos ao usuario que os datos persoais que nos facilite de forma voluntaria, por calquera dos nosos medios de recollida de informaci\u00f3n, ser\u00e1n incorporados \u00e1s Actividades de Tratamento automatizados de datos de car\u00e1cter persoal titularidade de FUNDACI\u00d3N CATEDRAL DE SANTIAGO, co fin de poderlle prestar os nosos servizos, as\u00ed como para mantelo informado sobre cuesti\u00f3ns relativas \u00e1 actividade da empresa e os seus servizos. Os campos marcados con &#8220;*&#8221;&#8221; son de car\u00e1cter obrigatorio, polo que a non cumprimentaci\u00f3n destes campos impedir\u00e1 ao USUARIO desfrutar de algunhas dos Servizos e informaci\u00f3ns ofrecidas na Web. Os datos contidos neles ser\u00e1n tratados de forma confidencial.<\/p>\n<p><strong>FUNDACI\u00d3N CATEDRAL DE SANTIAGO<\/strong> cumpre integramente coa lexislaci\u00f3n vixente en materia de protecci\u00f3n de datos de car\u00e1cter persoal, e cos compromisos de confidencialidade propios da s\u00faa actividade.<\/p>\n<p><strong>FUNDACI\u00d3N CATEDRAL DE SANTIAGO<\/strong> adoptou as medidas t\u00e9cnicas necesarias para manter o nivel de seguridade requirido, segundo a natureza dos datos persoais tratados e as circunstancias do tratamento, co obxecto de evitar, na medida do posible e sempre segundo o estado da t\u00e9cnica, a s\u00faa alteraci\u00f3n, perda, tratamento ou acceso non autorizado. Para a realizaci\u00f3n da xesti\u00f3n antes mencionada pode ser necesario que se cedan os datos a encargados do tratamento, empresas colaboradoras e administraci\u00f3ns p\u00fablicas (as cales poden verificar a veracidade dos datos).<\/p>\n<p>En caso de que o USUARIO facilite datos de car\u00e1cter persoal, referentes a persoas f\u00edsicas distintas a si mesmo, o USUARIO deber\u00e1, con car\u00e1cter previo \u00e1 inclusi\u00f3n, informarles do contido da presente cl\u00e1usula, de acordo co establecido no Regulamento Xeral (UE) 2016\/679 de Protecci\u00f3n de Datos.<\/p>\n<p><strong>FUNDACI\u00d3N CATEDRAL DE SANTIAGO<\/strong> como responsable da Actividade de Tratamento, garante o exercicio dos dereitos de acceso, rectificaci\u00f3n, supresi\u00f3n, limitaci\u00f3n, oposici\u00f3n e portabilidade dos datos aportados, segundo o disposto no Regulamento Xeral (UE) 2016\/679 de Protecci\u00f3n de Datos, o USUARIO poder\u00e1 exercer en todo momento os dereitos, dirixindo un escrito ao domicilio social, achegando copia do DNI ou Pasaporte.<\/p>\n<p><strong>FUNDACI\u00d3N CATEDRAL DE SANTIAGO<\/strong> garante que todas as comunicaci\u00f3ns comerciais que dirixe aos seus clientes cumpren a normativa vixente.<\/p>\n<p>Por iso, en cumprimento da Lei 34\/2002 de Servizos da Sociedade da Informaci\u00f3n e de Comercio Electr\u00f3nico e da Lei 9\/2014 Xeral de Telecomunicaci\u00f3ns, inf\u00f3rmase ao USUARIO que <strong>FUNDACI\u00d3N CATEDRAL DE SANTIAGO<\/strong> poder\u00e1 envialo por medios electr\u00f3nicos informaci\u00f3n sobre produtos e servizos de interese ao que vostede presta o seu consentimento.<\/p>\n<p>En calquera momento poder\u00e1 revogar esta autorizaci\u00f3n na direcci\u00f3n <a href=\"mailto:prensa@catedraldesantiago.es\">prensa@catedraldesantiago.es<\/a><\/p>\n<p>[\/vc_column_text][\/vc_column][\/vc_row]<\/p>\n<\/section>","protected":false},"excerpt":{"rendered":"<p>[vc_row css=&#8221;.vc_custom_1698059277058{padding-top: 80px !important;padding-bottom: 80px !important;}&#8221;][vc_column][vc_column_text] 1. DATOS IDENTIFICATIVOS: En cumprimento do deber de informaci\u00f3n recollido no artigo 10 da Lei 34\/2002, do 11 de xullo, de Servizos da Sociedade da Informaci\u00f3n e do Comercio electr\u00f3nico, a continuaci\u00f3n refl\u00edctense os seguintes datos: a empresa titular de www.catedraldesantiago.es \u00e9 FUNDACI\u00d3N CATEDRAL DE SANTIAGO con CIF G-70.178.603 [&hellip;]<\/p>\n","protected":false},"author":1,"featured_media":0,"parent":0,"menu_order":0,"comment_status":"closed","ping_status":"closed","template":"normal-page-template.php","meta":{"footnotes":""},"class_list":["post-1201","page","type-page","status-publish","hentry"],"yoast_head":"<!-- This site is optimized with the Yoast SEO plugin v21.4 - https:\/\/yoast.com\/wordpress\/plugins\/seo\/ -->\n<title>Pol\u00edtica de Privacidade - MUSAR<\/title>\n<meta name=\"robots\" content=\"noindex, nofollow\" \/>\n<meta property=\"og:locale\" content=\"gl_ES\" \/>\n<meta property=\"og:type\" content=\"article\" \/>\n<meta property=\"og:title\" content=\"Pol\u00edtica de Privacidade - MUSAR\" \/>\n<meta property=\"og:description\" content=\"[vc_row css=&#8221;.vc_custom_1698059277058{padding-top: 80px !important;padding-bottom: 80px !important;}&#8221;][vc_column][vc_column_text] 1. DATOS IDENTIFICATIVOS: En cumprimento do deber de informaci\u00f3n recollido no artigo 10 da Lei 34\/2002, do 11 de xullo, de Servizos da Sociedade da Informaci\u00f3n e do Comercio electr\u00f3nico, a continuaci\u00f3n refl\u00edctense os seguintes datos: a empresa titular de www.catedraldesantiago.es \u00e9 FUNDACI\u00d3N CATEDRAL DE SANTIAGO con CIF G-70.178.603 [&hellip;]\" \/>\n<meta property=\"og:url\" content=\"https:\/\/musar.gal\/gl\/politica-de-privacidade\/\" \/>\n<meta property=\"og:site_name\" content=\"MUSAR\" \/>\n<meta property=\"article:modified_time\" content=\"2023-10-24T11:06:03+00:00\" \/>\n<meta property=\"og:image\" content=\"https:\/\/musar.gal\/wp-content\/uploads\/2023\/10\/fb-share.png\" \/>\n\t<meta property=\"og:image:width\" content=\"1200\" \/>\n\t<meta property=\"og:image:height\" content=\"630\" \/>\n\t<meta property=\"og:image:type\" content=\"image\/png\" \/>\n<meta name=\"twitter:card\" content=\"summary_large_image\" \/>\n<meta name=\"twitter:label1\" content=\"Tempo de lectura\" \/>\n\t<meta name=\"twitter:data1\" content=\"5 minutos\" \/>\n<script type=\"application\/ld+json\" class=\"yoast-schema-graph\">{\"@context\":\"https:\/\/schema.org\",\"@graph\":[{\"@type\":\"WebPage\",\"@id\":\"https:\/\/musar.gal\/gl\/politica-de-privacidade\/\",\"url\":\"https:\/\/musar.gal\/gl\/politica-de-privacidade\/\",\"name\":\"Pol\u00edtica de Privacidade - MUSAR\",\"isPartOf\":{\"@id\":\"https:\/\/musar.gal\/#website\"},\"datePublished\":\"2023-10-18T07:57:50+00:00\",\"dateModified\":\"2023-10-24T11:06:03+00:00\",\"breadcrumb\":{\"@id\":\"https:\/\/musar.gal\/gl\/politica-de-privacidade\/#breadcrumb\"},\"inLanguage\":\"gl-ES\",\"potentialAction\":[{\"@type\":\"ReadAction\",\"target\":[\"https:\/\/musar.gal\/gl\/politica-de-privacidade\/\"]}]},{\"@type\":\"BreadcrumbList\",\"@id\":\"https:\/\/musar.gal\/gl\/politica-de-privacidade\/#breadcrumb\",\"itemListElement\":[{\"@type\":\"ListItem\",\"position\":1,\"name\":\"Portada\",\"item\":\"https:\/\/musar.gal\/gl\/\"},{\"@type\":\"ListItem\",\"position\":2,\"name\":\"Pol\u00edtica de Privacidade\"}]},{\"@type\":\"WebSite\",\"@id\":\"https:\/\/musar.gal\/#website\",\"url\":\"https:\/\/musar.gal\/\",\"name\":\"MUSAR\",\"description\":\"\",\"potentialAction\":[{\"@type\":\"SearchAction\",\"target\":{\"@type\":\"EntryPoint\",\"urlTemplate\":\"https:\/\/musar.gal\/?s={search_term_string}\"},\"query-input\":\"required name=search_term_string\"}],\"inLanguage\":\"gl-ES\"}]}<\/script>\n<!-- \/ Yoast SEO plugin. -->","yoast_head_json":{"title":"Pol\u00edtica de Privacidade - MUSAR","robots":{"index":"noindex","follow":"nofollow"},"og_locale":"gl_ES","og_type":"article","og_title":"Pol\u00edtica de Privacidade - MUSAR","og_description":"[vc_row css=&#8221;.vc_custom_1698059277058{padding-top: 80px !important;padding-bottom: 80px !important;}&#8221;][vc_column][vc_column_text] 1. DATOS IDENTIFICATIVOS: En cumprimento do deber de informaci\u00f3n recollido no artigo 10 da Lei 34\/2002, do 11 de xullo, de Servizos da Sociedade da Informaci\u00f3n e do Comercio electr\u00f3nico, a continuaci\u00f3n refl\u00edctense os seguintes datos: a empresa titular de www.catedraldesantiago.es \u00e9 FUNDACI\u00d3N CATEDRAL DE SANTIAGO con CIF G-70.178.603 [&hellip;]","og_url":"https:\/\/musar.gal\/gl\/politica-de-privacidade\/","og_site_name":"MUSAR","article_modified_time":"2023-10-24T11:06:03+00:00","og_image":[{"width":1200,"height":630,"url":"https:\/\/musar.gal\/wp-content\/uploads\/2023\/10\/fb-share.png","type":"image\/png"}],"twitter_card":"summary_large_image","twitter_misc":{"Tempo de lectura":"5 minutos"},"schema":{"@context":"https:\/\/schema.org","@graph":[{"@type":"WebPage","@id":"https:\/\/musar.gal\/gl\/politica-de-privacidade\/","url":"https:\/\/musar.gal\/gl\/politica-de-privacidade\/","name":"Pol\u00edtica de Privacidade - MUSAR","isPartOf":{"@id":"https:\/\/musar.gal\/#website"},"datePublished":"2023-10-18T07:57:50+00:00","dateModified":"2023-10-24T11:06:03+00:00","breadcrumb":{"@id":"https:\/\/musar.gal\/gl\/politica-de-privacidade\/#breadcrumb"},"inLanguage":"gl-ES","potentialAction":[{"@type":"ReadAction","target":["https:\/\/musar.gal\/gl\/politica-de-privacidade\/"]}]},{"@type":"BreadcrumbList","@id":"https:\/\/musar.gal\/gl\/politica-de-privacidade\/#breadcrumb","itemListElement":[{"@type":"ListItem","position":1,"name":"Portada","item":"https:\/\/musar.gal\/gl\/"},{"@type":"ListItem","position":2,"name":"Pol\u00edtica de Privacidade"}]},{"@type":"WebSite","@id":"https:\/\/musar.gal\/#website","url":"https:\/\/musar.gal\/","name":"MUSAR","description":"","potentialAction":[{"@type":"SearchAction","target":{"@type":"EntryPoint","urlTemplate":"https:\/\/musar.gal\/?s={search_term_string}"},"query-input":"required name=search_term_string"}],"inLanguage":"gl-ES"}]}},"_links":{"self":[{"href":"https:\/\/musar.gal\/gl\/wp-json\/wp\/v2\/pages\/1201","targetHints":{"allow":["GET"]}}],"collection":[{"href":"https:\/\/musar.gal\/gl\/wp-json\/wp\/v2\/pages"}],"about":[{"href":"https:\/\/musar.gal\/gl\/wp-json\/wp\/v2\/types\/page"}],"author":[{"embeddable":true,"href":"https:\/\/musar.gal\/gl\/wp-json\/wp\/v2\/users\/1"}],"replies":[{"embeddable":true,"href":"https:\/\/musar.gal\/gl\/wp-json\/wp\/v2\/comments?post=1201"}],"version-history":[{"count":4,"href":"https:\/\/musar.gal\/gl\/wp-json\/wp\/v2\/pages\/1201\/revisions"}],"predecessor-version":[{"id":1285,"href":"https:\/\/musar.gal\/gl\/wp-json\/wp\/v2\/pages\/1201\/revisions\/1285"}],"wp:attachment":[{"href":"https:\/\/musar.gal\/gl\/wp-json\/wp\/v2\/media?parent=1201"}],"curies":[{"name":"wp","href":"https:\/\/api.w.org\/{rel}","templated":true}]}}